{"id":151,"date":"2016-05-19T21:02:11","date_gmt":"2016-05-19T19:02:11","guid":{"rendered":"http:\/\/canj.me\/?page_id=151"},"modified":"2016-05-21T09:49:30","modified_gmt":"2016-05-21T07:49:30","slug":"montenegro","status":"publish","type":"page","link":"https:\/\/canj.me\/de\/montenegro\/","title":{"rendered":"Montenegro"},"content":{"rendered":"Das Meer, Seen, Schluchten, Berge erm\u00f6glichen jeder der beste Weg, um zu entscheiden, einen Urlaub von bester Qualit\u00e4t zu genie\u00dfen. an einem der vielen Str\u00e4nde von Budva Riviera, Mittagessen mit dem Gesang der V\u00f6gel auf Skutarisee und Abendessen am Kamin an den H\u00e4ngen des Durmitor Berg An einem Tag kann die neugierigen Reisenden eine Tasse Kaffee leisten. Diese sind alle Merkmale von Montenegro als Reiseziel, das viel zu bieten hat.<\/p>\n<p>Die turbulente Geschichte dieses kleinen Landes hat im ganzen Land in zahlreichen historischen Denkm\u00e4ler hinter einen unsch\u00e4tzbaren Schatz links. Das blaue Meer mit endlosen Str\u00e4nden, Restless Wasser der klaren Fl\u00fcssen und sch\u00f6nen Bergmassiven, gemischt mit den Geistern der vergangenen Zeit haben Montenegro alles, was Sie f\u00fcr einen unvergesslichen Urlaub brauchen gegeben.<\/p>\n\n\t\t<div id='gallery-2' class='gallery galleryid-151 gallery-columns-3 gallery-size-thumbnail'><dl class='gallery-item'><dt class='gallery-icon'><a href=\"https:\/\/canj.me\/wp-content\/uploads\/2016\/05\/mn_boka_kotorska.jpg\" rel=\"prettyPhoto[gallery-2]\" title=\"mn_boka_kotorska\"><img src=\"https:\/\/canj.me\/wp-content\/uploads\/2016\/05\/mn_boka_kotorska-450x300.jpg\" alt=\"\" \/><\/a><\/dt><\/dl><dl class='gallery-item'><dt class='gallery-icon'><a href=\"https:\/\/canj.me\/wp-content\/uploads\/2016\/05\/mn_kotor.jpg\" rel=\"prettyPhoto[gallery-2]\" title=\"mn_kotor\"><img src=\"https:\/\/canj.me\/wp-content\/uploads\/2016\/05\/mn_kotor-450x300.jpg\" alt=\"\" \/><\/a><\/dt><\/dl><dl class='gallery-item'><dt class='gallery-icon'><a href=\"https:\/\/canj.me\/wp-content\/uploads\/2016\/05\/mn_budva.jpg\" rel=\"prettyPhoto[gallery-2]\" title=\"mn_budva\"><img src=\"https:\/\/canj.me\/wp-content\/uploads\/2016\/05\/mn_budva-450x300.jpg\" alt=\"\" \/><\/a><\/dt><\/dl><dl class='gallery-item'><dt class='gallery-icon'><a href=\"https:\/\/canj.me\/wp-content\/uploads\/2016\/05\/mn_sveti_stefan.jpg\" rel=\"prettyPhoto[gallery-2]\" title=\"mn_sveti_stefan\"><img src=\"https:\/\/canj.me\/wp-content\/uploads\/2016\/05\/mn_sveti_stefan-450x300.jpg\" alt=\"\" \/><\/a><\/dt><\/dl><dl class='gallery-item'><dt class='gallery-icon'><a href=\"https:\/\/canj.me\/wp-content\/uploads\/2016\/05\/mn_ada_bojana.jpg\" rel=\"prettyPhoto[gallery-2]\" title=\"mn_ada_bojana\"><img src=\"https:\/\/canj.me\/wp-content\/uploads\/2016\/05\/mn_ada_bojana-450x300.jpg\" alt=\"\" \/><\/a><\/dt><\/dl><dl class='gallery-item'><dt class='gallery-icon'><a href=\"https:\/\/canj.me\/wp-content\/uploads\/2016\/05\/mn_skadar.jpg\" rel=\"prettyPhoto[gallery-2]\" title=\"mn_skadar\"><img src=\"https:\/\/canj.me\/wp-content\/uploads\/2016\/05\/mn_skadar-450x300.jpg\" alt=\"\" \/><\/a><\/dt><\/dl><dl class='gallery-item'><dt class='gallery-icon'><a href=\"https:\/\/canj.me\/wp-content\/uploads\/2016\/05\/mn_lovcen.jpg\" rel=\"prettyPhoto[gallery-2]\" title=\"mn_lovcen\"><img src=\"https:\/\/canj.me\/wp-content\/uploads\/2016\/05\/mn_lovcen-450x300.jpg\" alt=\"\" \/><\/a><\/dt><\/dl><dl class='gallery-item'><dt class='gallery-icon'><a href=\"https:\/\/canj.me\/wp-content\/uploads\/2016\/05\/mn_ostrog.jpg\" rel=\"prettyPhoto[gallery-2]\" title=\"mn_ostrog\"><img src=\"https:\/\/canj.me\/wp-content\/uploads\/2016\/05\/mn_ostrog-450x300.jpg\" alt=\"\" \/><\/a><\/dt><\/dl><dl class='gallery-item'><dt class='gallery-icon'><a href=\"https:\/\/canj.me\/wp-content\/uploads\/2016\/05\/mn_durmitor.jpg\" rel=\"prettyPhoto[gallery-2]\" title=\"mn_durmitor\"><img src=\"https:\/\/canj.me\/wp-content\/uploads\/2016\/05\/mn_durmitor-450x300.jpg\" alt=\"\" \/><\/a><\/dt><\/dl>\n\t\t\t<br style='clear: both;' \/>\n\t\t<\/div>\n\n<p>Montenegro ist ein \u00f6kologischer Zustand. Diese Tatsache findet in erster Linie auf den touristischen Karten der Welt. Viele Sonnentage im Sommer und eine gro\u00dfe Menge Schnee im Winter bestimmen die beiden am weitesten entwickelten Formen des Tourismus in Montenegro: das K\u00fcsten &#8211; Sommer und Winter &#8211; Freizeit.<\/p>\n<p>Montenegros St\u00e4dte sind reich an Architektur, aus verschiedenen Epochen, die den Atem nehmen f\u00fcr einen Moment weg und auf die Zeit zur\u00fcck, wenn sie gebaut wurden. Seine Manifestationen, die reichlich vorhanden sind, so dass Touristen, die Traditionen und Br\u00e4uche dieses wundervollen Ort unseres Planeten zu erkunden.","protected":false},"excerpt":{"rendered":"<p>Das Meer, Seen, Schluchten, Berge erm\u00f6glichen jeder der beste Weg, um zu entscheiden, einen Urlaub von bester Qualit\u00e4t zu genie\u00dfen. an einem der vielen Str\u00e4nde von Budva Riviera, Mittagessen mit dem Gesang der V\u00f6gel auf Skutarisee und Abendessen am Kamin an den H\u00e4ngen des Durmitor Berg An einem Tag kann die neugierigen Reisenden eine Tasse<\/p>\n","protected":false},"author":1,"featured_media":0,"parent":0,"menu_order":0,"comment_status":"closed","ping_status":"closed","template":"","meta":[],"_links":{"self":[{"href":"https:\/\/canj.me\/de\/wp-json\/wp\/v2\/pages\/151"}],"collection":[{"href":"https:\/\/canj.me\/de\/wp-json\/wp\/v2\/pages"}],"about":[{"href":"https:\/\/canj.me\/de\/wp-json\/wp\/v2\/types\/page"}],"author":[{"embeddable":true,"href":"https:\/\/canj.me\/de\/wp-json\/wp\/v2\/users\/1"}],"replies":[{"embeddable":true,"href":"https:\/\/canj.me\/de\/wp-json\/wp\/v2\/comments?post=151"}],"version-history":[{"count":0,"href":"https:\/\/canj.me\/de\/wp-json\/wp\/v2\/pages\/151\/revisions"}],"wp:attachment":[{"href":"https:\/\/canj.me\/de\/wp-json\/wp\/v2\/media?parent=151"}],"curies":[{"name":"wp","href":"https:\/\/api.w.org\/{rel}","templated":true}]}}