{"id":262,"date":"2023-07-18T17:03:10","date_gmt":"2023-07-18T15:03:10","guid":{"rendered":"https:\/\/canj.me\/?page_id=262"},"modified":"2023-07-19T00:10:14","modified_gmt":"2023-07-18T22:10:14","slug":"apartmani-vranic","status":"publish","type":"page","link":"https:\/\/canj.me\/de\/","title":{"rendered":"Apartmani Vrani\u0107"},"content":{"rendered":"<p class=\"qtranxs-available-languages-message qtranxs-available-languages-message-de\">Leider ist der Eintrag nur auf <a href=\"https:\/\/canj.me\/sr\/wp-json\/wp\/v2\/pages\/262\" class=\"qtranxs-available-language-link qtranxs-available-language-link-sr\" title=\"Srpski\">Serbisch<\/a> verf\u00fcgbar. Der Inhalt wird unten in einer verf\u00fcgbaren Sprache angezeigt. Klicken Sie auf den Link, um die aktuelle Sprache zu \u00e4ndern.<\/p><img decoding=\"async\" loading=\"lazy\" width=\"512\" height=\"512\" class=\"aligncenter size-full wp-image-265\" src=\"https:\/\/canj.me\/wp-content\/uploads\/2023\/07\/cropped-IMG_4837.jpg\" alt=\"\" srcset=\"https:\/\/canj.me\/wp-content\/uploads\/2023\/07\/cropped-IMG_4837.jpg 512w, https:\/\/canj.me\/wp-content\/uploads\/2023\/07\/cropped-IMG_4837-150x150.jpg 150w, https:\/\/canj.me\/wp-content\/uploads\/2023\/07\/cropped-IMG_4837-300x300.jpg 300w, https:\/\/canj.me\/wp-content\/uploads\/2023\/07\/cropped-IMG_4837-100x100.jpg 100w, https:\/\/canj.me\/wp-content\/uploads\/2023\/07\/cropped-IMG_4837-65x65.jpg 65w, https:\/\/canj.me\/wp-content\/uploads\/2023\/07\/cropped-IMG_4837-75x75.jpg 75w, https:\/\/canj.me\/wp-content\/uploads\/2023\/07\/cropped-IMG_4837-60x60.jpg 60w, https:\/\/canj.me\/wp-content\/uploads\/2023\/07\/cropped-IMG_4837-270x270.jpg 270w, https:\/\/canj.me\/wp-content\/uploads\/2023\/07\/cropped-IMG_4837-192x192.jpg 192w, https:\/\/canj.me\/wp-content\/uploads\/2023\/07\/cropped-IMG_4837-180x180.jpg 180w, https:\/\/canj.me\/wp-content\/uploads\/2023\/07\/cropped-IMG_4837-32x32.jpg 32w\" sizes=\"(max-width: 512px) 100vw, 512px\" \/>","protected":false},"excerpt":{"rendered":"<p>Leider ist der Eintrag nur auf Serbisch verf\u00fcgbar. Der Inhalt wird unten in einer verf\u00fcgbaren Sprache angezeigt. Klicken Sie auf den Link, um die aktuelle Sprache zu \u00e4ndern.<\/p>\n","protected":false},"author":1,"featured_media":0,"parent":0,"menu_order":0,"comment_status":"closed","ping_status":"closed","template":"","meta":[],"_links":{"self":[{"href":"https:\/\/canj.me\/de\/wp-json\/wp\/v2\/pages\/262"}],"collection":[{"href":"https:\/\/canj.me\/de\/wp-json\/wp\/v2\/pages"}],"about":[{"href":"https:\/\/canj.me\/de\/wp-json\/wp\/v2\/types\/page"}],"author":[{"embeddable":true,"href":"https:\/\/canj.me\/de\/wp-json\/wp\/v2\/users\/1"}],"replies":[{"embeddable":true,"href":"https:\/\/canj.me\/de\/wp-json\/wp\/v2\/comments?post=262"}],"version-history":[{"count":2,"href":"https:\/\/canj.me\/de\/wp-json\/wp\/v2\/pages\/262\/revisions"}],"predecessor-version":[{"id":276,"href":"https:\/\/canj.me\/de\/wp-json\/wp\/v2\/pages\/262\/revisions\/276"}],"wp:attachment":[{"href":"https:\/\/canj.me\/de\/wp-json\/wp\/v2\/media?parent=262"}],"curies":[{"name":"wp","href":"https:\/\/api.w.org\/{rel}","templated":true}]}}