{"id":65,"date":"2016-05-17T09:38:38","date_gmt":"2016-05-17T07:38:38","guid":{"rendered":"http:\/\/canj.me\/?page_id=65"},"modified":"2016-05-19T20:23:14","modified_gmt":"2016-05-19T18:23:14","slug":"canj","status":"publish","type":"page","link":"https:\/\/canj.me\/de\/canj\/","title":{"rendered":"\u010canj"},"content":{"rendered":"Canj ist ein idealer Ort f\u00fcr einen Urlaub an der &#8222;Barska Rivijera&#8220;. Es liegt in einer Bucht zwischen Sutomore und Petrovac, entfernt von den Hauptstra\u00dfen somit isoliert vom L\u00e4rm. Zur Entspannung bietet sie einen 1200 Meter langen Kiesstrand namens &#8222;Pearl Coast&#8220;. In der N\u00e4he ist der &#8222;Strand der K\u00f6nigin&#8220; (nur mit Taxibooten erreichbar).<\/p>\n\n\t\t<div id='gallery-2' class='gallery galleryid-65 gallery-columns-3 gallery-size-thumbnail'><dl class='gallery-item'><dt class='gallery-icon'><a href=\"https:\/\/canj.me\/wp-content\/uploads\/2016\/05\/karta.jpg\" rel=\"prettyPhoto[gallery-2]\" title=\"karta\"><img src=\"https:\/\/canj.me\/wp-content\/uploads\/2016\/05\/karta-450x292.jpg\" alt=\"\" \/><\/a><\/dt><\/dl><dl class='gallery-item'><dt class='gallery-icon'><a href=\"https:\/\/canj.me\/wp-content\/uploads\/2016\/05\/canjair.jpg\" rel=\"prettyPhoto[gallery-2]\" title=\"\u010canj\"><img src=\"https:\/\/canj.me\/wp-content\/uploads\/2016\/05\/canjair-450x300.jpg\" alt=\"\" \/><\/a><\/dt><\/dl><dl class='gallery-item'><dt class='gallery-icon'><a href=\"https:\/\/canj.me\/wp-content\/uploads\/2016\/05\/canjme.jpg\" rel=\"prettyPhoto[gallery-2]\" title=\"canjme\"><img src=\"https:\/\/canj.me\/wp-content\/uploads\/2016\/05\/canjme-450x300.jpg\" alt=\"\" \/><\/a><\/dt><\/dl><dl class='gallery-item'><dt class='gallery-icon'><a href=\"https:\/\/canj.me\/wp-content\/uploads\/2016\/05\/plaza3.jpg\" rel=\"prettyPhoto[gallery-2]\" title=\"Kralji\u010dina pla\u017ea\"><img src=\"https:\/\/canj.me\/wp-content\/uploads\/2016\/05\/plaza3-450x300.jpg\" alt=\"\" \/><\/a><\/dt><\/dl><dl class='gallery-item'><dt class='gallery-icon'><a href=\"https:\/\/canj.me\/wp-content\/uploads\/2016\/05\/plazak.jpg\" rel=\"prettyPhoto[gallery-2]\" title=\"Kralji\u010dina pla\u017ea\"><img src=\"https:\/\/canj.me\/wp-content\/uploads\/2016\/05\/plazak-450x300.jpg\" alt=\"\" \/><\/a><\/dt><\/dl><dl class='gallery-item'><dt class='gallery-icon'><a href=\"https:\/\/canj.me\/wp-content\/uploads\/2016\/05\/plazak2.jpg\" rel=\"prettyPhoto[gallery-2]\" title=\"Kralji\u010dina pla\u017ea\"><img src=\"https:\/\/canj.me\/wp-content\/uploads\/2016\/05\/plazak2-450x300.jpg\" alt=\"\" \/><\/a><\/dt><\/dl><dl class='gallery-item'><dt class='gallery-icon'><a href=\"https:\/\/canj.me\/wp-content\/uploads\/2016\/05\/plaza2.jpg\" rel=\"prettyPhoto[gallery-2]\" title=\"plaza2\"><img src=\"https:\/\/canj.me\/wp-content\/uploads\/2016\/05\/plaza2-450x300.jpg\" alt=\"\" \/><\/a><\/dt><\/dl><dl class='gallery-item'><dt class='gallery-icon'><a href=\"https:\/\/canj.me\/wp-content\/uploads\/2016\/05\/hotel2.jpg\" rel=\"prettyPhoto[gallery-2]\" title=\"hotel2\"><img src=\"https:\/\/canj.me\/wp-content\/uploads\/2016\/05\/hotel2-450x300.jpg\" alt=\"\" \/><\/a><\/dt><\/dl><dl class='gallery-item'><dt class='gallery-icon'><a href=\"https:\/\/canj.me\/wp-content\/uploads\/2016\/05\/canjbb.jpg\" rel=\"prettyPhoto[gallery-2]\" title=\"canjbb\"><img src=\"https:\/\/canj.me\/wp-content\/uploads\/2016\/05\/canjbb-450x300.jpg\" alt=\"\" \/><\/a><\/dt><\/dl>\n\t\t\t<br style='clear: both;' \/>\n\t\t<\/div>","protected":false},"excerpt":{"rendered":"<p>Canj ist ein idealer Ort f\u00fcr einen Urlaub an der &#8222;Barska Rivijera&#8220;. Es liegt in einer Bucht zwischen Sutomore und Petrovac, entfernt von den Hauptstra\u00dfen somit isoliert vom L\u00e4rm. Zur Entspannung bietet sie einen 1200 Meter langen Kiesstrand namens &#8222;Pearl Coast&#8220;. In der N\u00e4he ist der &#8222;Strand der K\u00f6nigin&#8220; (nur mit Taxibooten erreichbar).<\/p>\n","protected":false},"author":1,"featured_media":0,"parent":0,"menu_order":0,"comment_status":"open","ping_status":"closed","template":"","meta":[],"_links":{"self":[{"href":"https:\/\/canj.me\/de\/wp-json\/wp\/v2\/pages\/65"}],"collection":[{"href":"https:\/\/canj.me\/de\/wp-json\/wp\/v2\/pages"}],"about":[{"href":"https:\/\/canj.me\/de\/wp-json\/wp\/v2\/types\/page"}],"author":[{"embeddable":true,"href":"https:\/\/canj.me\/de\/wp-json\/wp\/v2\/users\/1"}],"replies":[{"embeddable":true,"href":"https:\/\/canj.me\/de\/wp-json\/wp\/v2\/comments?post=65"}],"version-history":[{"count":0,"href":"https:\/\/canj.me\/de\/wp-json\/wp\/v2\/pages\/65\/revisions"}],"wp:attachment":[{"href":"https:\/\/canj.me\/de\/wp-json\/wp\/v2\/media?parent=65"}],"curies":[{"name":"wp","href":"https:\/\/api.w.org\/{rel}","templated":true}]}}