{"id":67,"date":"2016-05-17T09:39:11","date_gmt":"2016-05-17T07:39:11","guid":{"rendered":"http:\/\/canj.me\/?page_id=67"},"modified":"2023-07-18T23:50:19","modified_gmt":"2023-07-18T21:50:19","slug":"apartmani","status":"publish","type":"page","link":"https:\/\/canj.me\/de\/apartmani\/","title":{"rendered":"Apartments"},"content":{"rendered":"Unser Apartments Haus liegt 150 Meter vom Strand entfernt.<br \/>\nZur Verf\u00fcgung stehen 8 Studio Apartments davon 4 im Erdgeschoss und 4 im 1.Obergeschoss.<br \/>\nAlle Apartments sind Klimatisiert mit Bad, Sat-TV, Internet Wifi, mini K\u00fcche (mit allen K\u00fcchen Utensilien), Terrasse und einem Parkplatz.<br \/>\nGesch\u00e4fte, B\u00e4ckerei, Konditorei, Restaurants, Grillstube in der N\u00e4he.<\/p>\n<p>Entfernung zu:<br \/>\n&#8211; Strand 150m<br \/>\n&#8211; Gesch\u00e4ft 50m<br \/>\n&#8211; Restaurant 100m<br \/>\n&#8211; Zentrum 400m<br \/>\n&#8211; Bushaltestelle 400m<br \/>\n&#8211; Busbahnhof 5km<br \/>\n&#8211; Bahnhof 5km<br \/>\n&#8211; Flughafen Podgorica 45km<\/p>\n<p>Unterkunft am Anreisetag kann \u00fcbernommen werden sp\u00e4testens bis 11Uhr.<br \/>\nUnterkunft ist am Abreisetag sp\u00e4testens bis 08:30 Uhr zu verlassen.<br \/>\nDie Unterkunft ist bei der Ankunft bzw. bei \u00dcbernahme zu bezahlen.<br \/>\nDie Aufenthaltsgeb\u00fchr ist nicht im Preis inbegriffen (Erwachsene 1\u20ac, Kinder 12-18 Jahre 0,50\u20ac pro Tag\/Person, Kinder unter 12 Jahre Geb\u00fchrenfrei).<\/p>\n<p>Weitere Infos \u00fcber die Unterkunft und Dienstleistungen erhalten Sie auf Deutsch, Serbisch und Englisch.<\/p>\n<p>Vielen Dank f\u00fcr Ihr Interesse.<\/p>\n\n\t\t<div id='gallery-3' class='gallery galleryid-67 gallery-columns-3 gallery-size-thumbnail'><dl class='gallery-item'><dt class='gallery-icon'><a href=\"https:\/\/canj.me\/wp-content\/uploads\/2016\/05\/nova.kuca_.jpg\" rel=\"prettyPhoto[gallery-3]\" title=\"Apartman\"><img src=\"https:\/\/canj.me\/wp-content\/uploads\/2016\/05\/nova.kuca_-450x300.jpg\" alt=\"\" \/><\/a><\/dt><\/dl><dl class='gallery-item'><dt class='gallery-icon'><a href=\"https:\/\/canj.me\/wp-content\/uploads\/2016\/05\/objekat2.jpg\" rel=\"prettyPhoto[gallery-3]\" title=\"objekat2\"><img src=\"https:\/\/canj.me\/wp-content\/uploads\/2016\/05\/objekat2-450x300.jpg\" alt=\"\" \/><\/a><\/dt><\/dl><dl class='gallery-item'><dt class='gallery-icon'><a href=\"https:\/\/canj.me\/wp-content\/uploads\/2016\/05\/objekat3.jpg\" rel=\"prettyPhoto[gallery-3]\" title=\"objekat3\"><img src=\"https:\/\/canj.me\/wp-content\/uploads\/2016\/05\/objekat3-450x300.jpg\" alt=\"\" \/><\/a><\/dt><\/dl><dl class='gallery-item'><dt class='gallery-icon'><a href=\"https:\/\/canj.me\/wp-content\/uploads\/2016\/05\/soba7.jpg\" rel=\"prettyPhoto[gallery-3]\" title=\"soba7\"><img src=\"https:\/\/canj.me\/wp-content\/uploads\/2016\/05\/soba7-450x300.jpg\" alt=\"\" \/><\/a><\/dt><\/dl><dl class='gallery-item'><dt class='gallery-icon'><a href=\"https:\/\/canj.me\/wp-content\/uploads\/2016\/05\/soba6.jpg\" rel=\"prettyPhoto[gallery-3]\" title=\"soba6\"><img src=\"https:\/\/canj.me\/wp-content\/uploads\/2016\/05\/soba6-450x300.jpg\" alt=\"\" \/><\/a><\/dt><\/dl><dl class='gallery-item'><dt class='gallery-icon'><a href=\"https:\/\/canj.me\/wp-content\/uploads\/2016\/05\/soba2.jpg\" rel=\"prettyPhoto[gallery-3]\" title=\"soba2\"><img src=\"https:\/\/canj.me\/wp-content\/uploads\/2016\/05\/soba2-450x300.jpg\" alt=\"\" \/><\/a><\/dt><\/dl><dl class='gallery-item'><dt class='gallery-icon'><a href=\"https:\/\/canj.me\/wp-content\/uploads\/2016\/05\/soba3.jpg\" rel=\"prettyPhoto[gallery-3]\" title=\"soba3\"><img src=\"https:\/\/canj.me\/wp-content\/uploads\/2016\/05\/soba3-450x300.jpg\" alt=\"\" \/><\/a><\/dt><\/dl><dl class='gallery-item'><dt class='gallery-icon'><a href=\"https:\/\/canj.me\/wp-content\/uploads\/2016\/05\/soba5.jpg\" rel=\"prettyPhoto[gallery-3]\" title=\"soba5\"><img src=\"https:\/\/canj.me\/wp-content\/uploads\/2016\/05\/soba5-450x300.jpg\" alt=\"\" \/><\/a><\/dt><\/dl><dl class='gallery-item'><dt class='gallery-icon'><a href=\"https:\/\/canj.me\/wp-content\/uploads\/2016\/05\/soba1.jpg\" rel=\"prettyPhoto[gallery-3]\" title=\"soba1\"><img src=\"https:\/\/canj.me\/wp-content\/uploads\/2016\/05\/soba1-450x300.jpg\" alt=\"\" \/><\/a><\/dt><\/dl><dl class='gallery-item'><dt class='gallery-icon'><a href=\"https:\/\/canj.me\/wp-content\/uploads\/2016\/05\/terasa1.jpg\" rel=\"prettyPhoto[gallery-3]\" title=\"terasa1\"><img src=\"https:\/\/canj.me\/wp-content\/uploads\/2016\/05\/terasa1-450x300.jpg\" alt=\"\" \/><\/a><\/dt><\/dl><dl class='gallery-item'><dt class='gallery-icon'><a href=\"https:\/\/canj.me\/wp-content\/uploads\/2016\/05\/terasa2.jpg\" rel=\"prettyPhoto[gallery-3]\" title=\"terasa2\"><img src=\"https:\/\/canj.me\/wp-content\/uploads\/2016\/05\/terasa2-450x300.jpg\" alt=\"\" \/><\/a><\/dt><\/dl><dl class='gallery-item'><dt class='gallery-icon'><a href=\"https:\/\/canj.me\/wp-content\/uploads\/2016\/05\/parking004.jpg\" rel=\"prettyPhoto[gallery-3]\" title=\"parking004\"><img src=\"https:\/\/canj.me\/wp-content\/uploads\/2016\/05\/parking004-450x300.jpg\" alt=\"\" \/><\/a><\/dt><\/dl>\n\t\t\t<br style='clear: both;' \/>\n\t\t<\/div>","protected":false},"excerpt":{"rendered":"<p>Unser Apartments Haus liegt 150 Meter vom Strand entfernt. Zur Verf\u00fcgung stehen 8 Studio Apartments davon 4 im Erdgeschoss und 4 im 1.Obergeschoss. Alle Apartments sind Klimatisiert mit Bad, Sat-TV, Internet Wifi, mini K\u00fcche (mit allen K\u00fcchen Utensilien), Terrasse und einem Parkplatz. Gesch\u00e4fte, B\u00e4ckerei, Konditorei, Restaurants, Grillstube in der N\u00e4he. Entfernung zu: &#8211; Strand 150m<\/p>\n","protected":false},"author":1,"featured_media":0,"parent":0,"menu_order":0,"comment_status":"open","ping_status":"closed","template":"","meta":[],"_links":{"self":[{"href":"https:\/\/canj.me\/de\/wp-json\/wp\/v2\/pages\/67"}],"collection":[{"href":"https:\/\/canj.me\/de\/wp-json\/wp\/v2\/pages"}],"about":[{"href":"https:\/\/canj.me\/de\/wp-json\/wp\/v2\/types\/page"}],"author":[{"embeddable":true,"href":"https:\/\/canj.me\/de\/wp-json\/wp\/v2\/users\/1"}],"replies":[{"embeddable":true,"href":"https:\/\/canj.me\/de\/wp-json\/wp\/v2\/comments?post=67"}],"version-history":[{"count":6,"href":"https:\/\/canj.me\/de\/wp-json\/wp\/v2\/pages\/67\/revisions"}],"predecessor-version":[{"id":273,"href":"https:\/\/canj.me\/de\/wp-json\/wp\/v2\/pages\/67\/revisions\/273"}],"wp:attachment":[{"href":"https:\/\/canj.me\/de\/wp-json\/wp\/v2\/media?parent=67"}],"curies":[{"name":"wp","href":"https:\/\/api.w.org\/{rel}","templated":true}]}}