{"id":151,"date":"2016-05-19T21:02:11","date_gmt":"2016-05-19T19:02:11","guid":{"rendered":"http:\/\/canj.me\/?page_id=151"},"modified":"2016-05-21T09:49:30","modified_gmt":"2016-05-21T07:49:30","slug":"montenegro","status":"publish","type":"page","link":"https:\/\/canj.me\/hu\/montenegro\/","title":{"rendered":"Montenegr\u00f3"},"content":{"rendered":"Montenegr\u00f3ban a tenger, a tavak, a kanyonok \u00e9s a hegyek kellemes kikapcsol\u00f3d\u00e1st k\u00edn\u00e1lnak a pihenni v\u00e1gy\u00f3knak, s a t\u00far\u00e1z\u00e1s szerelmeseinek egyar\u00e1nt. <\/p>\n<p>A Budvai Rivi\u00e9ra strandjai \u00f6nfeledt f\u00fcrd\u0151z\u00e9sre \u00e9s napoz\u00e1sra h\u00edvogatnak. Hangulatos k\u00e1v\u00e9z\u00f3k, cukr\u00e1szd\u00e1k \u00e9s \u00e9ttermek v\u00e1rj\u00e1k vend\u00e9geiket, ahol kellemes teraszokon mad\u00e1rcsicserg\u00e9s mellett, vagy h\u0171v\u00f6sebb napokon a kandall\u00f3 meleg\u00e9n\u00e9l k\u00f3stolhatj\u00e1k meg a helyi specialit\u00e1sokat.<\/p>\n\n\t\t<div id='gallery-4' class='gallery galleryid-151 gallery-columns-3 gallery-size-thumbnail'><dl class='gallery-item'><dt class='gallery-icon'><a href=\"https:\/\/canj.me\/wp-content\/uploads\/2016\/05\/mn_boka_kotorska.jpg\" rel=\"prettyPhoto[gallery-4]\" title=\"mn_boka_kotorska\"><img src=\"https:\/\/canj.me\/wp-content\/uploads\/2016\/05\/mn_boka_kotorska-450x300.jpg\" alt=\"\" \/><\/a><\/dt><\/dl><dl class='gallery-item'><dt class='gallery-icon'><a href=\"https:\/\/canj.me\/wp-content\/uploads\/2016\/05\/mn_kotor.jpg\" rel=\"prettyPhoto[gallery-4]\" title=\"mn_kotor\"><img src=\"https:\/\/canj.me\/wp-content\/uploads\/2016\/05\/mn_kotor-450x300.jpg\" alt=\"\" \/><\/a><\/dt><\/dl><dl class='gallery-item'><dt class='gallery-icon'><a href=\"https:\/\/canj.me\/wp-content\/uploads\/2016\/05\/mn_budva.jpg\" rel=\"prettyPhoto[gallery-4]\" title=\"mn_budva\"><img src=\"https:\/\/canj.me\/wp-content\/uploads\/2016\/05\/mn_budva-450x300.jpg\" alt=\"\" \/><\/a><\/dt><\/dl><dl class='gallery-item'><dt class='gallery-icon'><a href=\"https:\/\/canj.me\/wp-content\/uploads\/2016\/05\/mn_sveti_stefan.jpg\" rel=\"prettyPhoto[gallery-4]\" title=\"mn_sveti_stefan\"><img src=\"https:\/\/canj.me\/wp-content\/uploads\/2016\/05\/mn_sveti_stefan-450x300.jpg\" alt=\"\" \/><\/a><\/dt><\/dl><dl class='gallery-item'><dt class='gallery-icon'><a href=\"https:\/\/canj.me\/wp-content\/uploads\/2016\/05\/mn_ada_bojana.jpg\" rel=\"prettyPhoto[gallery-4]\" title=\"mn_ada_bojana\"><img src=\"https:\/\/canj.me\/wp-content\/uploads\/2016\/05\/mn_ada_bojana-450x300.jpg\" alt=\"\" \/><\/a><\/dt><\/dl><dl class='gallery-item'><dt class='gallery-icon'><a href=\"https:\/\/canj.me\/wp-content\/uploads\/2016\/05\/mn_skadar.jpg\" rel=\"prettyPhoto[gallery-4]\" title=\"mn_skadar\"><img src=\"https:\/\/canj.me\/wp-content\/uploads\/2016\/05\/mn_skadar-450x300.jpg\" alt=\"\" \/><\/a><\/dt><\/dl><dl class='gallery-item'><dt class='gallery-icon'><a href=\"https:\/\/canj.me\/wp-content\/uploads\/2016\/05\/mn_lovcen.jpg\" rel=\"prettyPhoto[gallery-4]\" title=\"mn_lovcen\"><img src=\"https:\/\/canj.me\/wp-content\/uploads\/2016\/05\/mn_lovcen-450x300.jpg\" alt=\"\" \/><\/a><\/dt><\/dl><dl class='gallery-item'><dt class='gallery-icon'><a href=\"https:\/\/canj.me\/wp-content\/uploads\/2016\/05\/mn_ostrog.jpg\" rel=\"prettyPhoto[gallery-4]\" title=\"mn_ostrog\"><img src=\"https:\/\/canj.me\/wp-content\/uploads\/2016\/05\/mn_ostrog-450x300.jpg\" alt=\"\" \/><\/a><\/dt><\/dl><dl class='gallery-item'><dt class='gallery-icon'><a href=\"https:\/\/canj.me\/wp-content\/uploads\/2016\/05\/mn_durmitor.jpg\" rel=\"prettyPhoto[gallery-4]\" title=\"mn_durmitor\"><img src=\"https:\/\/canj.me\/wp-content\/uploads\/2016\/05\/mn_durmitor-450x300.jpg\" alt=\"\" \/><\/a><\/dt><\/dl>\n\t\t\t<br style='clear: both;' \/>\n\t\t<\/div>\n\n<p>Montenegr\u00f3 kiemelked\u0151 turisztikai c\u00e9lpontja a kir\u00e1ndul\u00f3knak \u00e9s a nyaral\u00f3knak. A t\u00f6rt\u00e9nelmi viharokat is meg\u00e9lt kis orsz\u00e1g sz\u00e1mos felbecs\u00fclhetetlen \u00e9rt\u00e9k\u0171 t\u00f6rt\u00e9nelmi \u00e9s \u00e9p\u00edt\u00e9szeti eml\u00e9kkel b\u00fcszk\u00e9lkedik. V\u00e1rosaiban a t\u00f6rt\u00e9nelmi m\u00falt id\u00e9z\u00e9se mellett nyomon k\u00f6vethetj\u00fck a k\u00fcl\u00f6nb\u00f6z\u0151 \u00e9p\u00edt\u00e9szeti korst\u00edlusokat is, melyek szint\u00e9n a m\u00faltba kalauzolj\u00e1k a l\u00e1togat\u00f3kat. A folkl\u00f3r programok gazdag k\u00edn\u00e1lata lehet\u0151s\u00e9get teremt a helyi hagyom\u00e1nyok \u00e9s szok\u00e1sok megismer\u00e9s\u00e9re.<\/p>\n<p>A k\u00e9k tenger v\u00e9gtelen hull\u00e1mai, a krist\u00e1lytiszta viz\u0171 patakok csobog\u00e1sa, a hegyek tarajos vonulatai, mind-mind a r\u00e9gi id\u0151k szellem\u00e9t is magukba z\u00e1rt\u00e1k.<\/p>\n<p>Montenegr\u00f3 ny\u00e1ron \u00e9s t\u00e9len egyar\u00e1nt kiv\u00e1l\u00f3 helysz\u00edne a pihen\u00e9snek \u00e9s a t\u00far\u00e1z\u00e1snak. Saj\u00e1tos \u00f6kol\u00f3gi\u00e1j\u00e1val jelent\u0151s helyet foglal el a vil\u00e1g turisztikai t\u00e9rk\u00e9p\u00e9n. A ny\u00e1ri h\u00f3napokban magas a naps\u00fct\u00e9ses \u00f3r\u00e1k sz\u00e1ma, t\u00e9len folyamatosan h\u00f3takar\u00f3 bor\u00edtja a hegyeket.<\/p>\n<p>Ezek egy\u00fcttesen teszik felejthetetlenn\u00e9 az itt t\u00f6lt\u00f6tt napokat.","protected":false},"excerpt":{"rendered":"<p>Montenegr\u00f3ban a tenger, a tavak, a kanyonok \u00e9s a hegyek kellemes kikapcsol\u00f3d\u00e1st k\u00edn\u00e1lnak a pihenni v\u00e1gy\u00f3knak, s a t\u00far\u00e1z\u00e1s szerelmeseinek egyar\u00e1nt. A Budvai Rivi\u00e9ra strandjai \u00f6nfeledt f\u00fcrd\u0151z\u00e9sre \u00e9s napoz\u00e1sra h\u00edvogatnak. Hangulatos k\u00e1v\u00e9z\u00f3k, cukr\u00e1szd\u00e1k \u00e9s \u00e9ttermek v\u00e1rj\u00e1k vend\u00e9geiket, ahol kellemes teraszokon mad\u00e1rcsicserg\u00e9s mellett, vagy h\u0171v\u00f6sebb napokon a kandall\u00f3 meleg\u00e9n\u00e9l k\u00f3stolhatj\u00e1k meg a helyi specialit\u00e1sokat. Montenegr\u00f3 kiemelked\u0151<\/p>\n","protected":false},"author":1,"featured_media":0,"parent":0,"menu_order":0,"comment_status":"closed","ping_status":"closed","template":"","meta":[],"_links":{"self":[{"href":"https:\/\/canj.me\/hu\/wp-json\/wp\/v2\/pages\/151"}],"collection":[{"href":"https:\/\/canj.me\/hu\/wp-json\/wp\/v2\/pages"}],"about":[{"href":"https:\/\/canj.me\/hu\/wp-json\/wp\/v2\/types\/page"}],"author":[{"embeddable":true,"href":"https:\/\/canj.me\/hu\/wp-json\/wp\/v2\/users\/1"}],"replies":[{"embeddable":true,"href":"https:\/\/canj.me\/hu\/wp-json\/wp\/v2\/comments?post=151"}],"version-history":[{"count":0,"href":"https:\/\/canj.me\/hu\/wp-json\/wp\/v2\/pages\/151\/revisions"}],"wp:attachment":[{"href":"https:\/\/canj.me\/hu\/wp-json\/wp\/v2\/media?parent=151"}],"curies":[{"name":"wp","href":"https:\/\/api.w.org\/{rel}","templated":true}]}}