{"id":65,"date":"2016-05-17T09:38:38","date_gmt":"2016-05-17T07:38:38","guid":{"rendered":"http:\/\/canj.me\/?page_id=65"},"modified":"2016-05-19T20:23:14","modified_gmt":"2016-05-19T18:23:14","slug":"canj","status":"publish","type":"page","link":"https:\/\/canj.me\/hu\/canj\/","title":{"rendered":"\u010canj"},"content":{"rendered":"\u010canj kis telep\u00fcl\u00e9s, de ide\u00e1lis turistahely a pihenni v\u00e1gy\u00f3knak. Sutomore \u00e9s Petrovac k\u00f6z\u00f6tt helyezkedik el a b\u00e1ri rivi\u00e9r\u00e1n. Igazi kikapcsol\u00f3d\u00e1st ny\u00fajt 1200 m\u00e9ter hossz\u00fa kavicsos-homokos strandj\u00e1val, \u00e9s a k\u00f6zelben tal\u00e1lhat\u00f3 &#8222;Kir\u00e1lyn\u0151 strandj\u00e1val&#8221;, mely csak kis haj\u00f3val k\u00f6zelithet \u0151 meg.<\/p>\n\n\t\t<div id='gallery-4' class='gallery galleryid-65 gallery-columns-3 gallery-size-thumbnail'><dl class='gallery-item'><dt class='gallery-icon'><a href=\"https:\/\/canj.me\/wp-content\/uploads\/2016\/05\/karta.jpg\" rel=\"prettyPhoto[gallery-4]\" title=\"karta\"><img src=\"https:\/\/canj.me\/wp-content\/uploads\/2016\/05\/karta-450x292.jpg\" alt=\"\" \/><\/a><\/dt><\/dl><dl class='gallery-item'><dt class='gallery-icon'><a href=\"https:\/\/canj.me\/wp-content\/uploads\/2016\/05\/canjair.jpg\" rel=\"prettyPhoto[gallery-4]\" title=\"\u010canj\"><img src=\"https:\/\/canj.me\/wp-content\/uploads\/2016\/05\/canjair-450x300.jpg\" alt=\"\" \/><\/a><\/dt><\/dl><dl class='gallery-item'><dt class='gallery-icon'><a href=\"https:\/\/canj.me\/wp-content\/uploads\/2016\/05\/canjme.jpg\" rel=\"prettyPhoto[gallery-4]\" title=\"canjme\"><img src=\"https:\/\/canj.me\/wp-content\/uploads\/2016\/05\/canjme-450x300.jpg\" alt=\"\" \/><\/a><\/dt><\/dl><dl class='gallery-item'><dt class='gallery-icon'><a href=\"https:\/\/canj.me\/wp-content\/uploads\/2016\/05\/plaza3.jpg\" rel=\"prettyPhoto[gallery-4]\" title=\"Kralji\u010dina pla\u017ea\"><img src=\"https:\/\/canj.me\/wp-content\/uploads\/2016\/05\/plaza3-450x300.jpg\" alt=\"\" \/><\/a><\/dt><\/dl><dl class='gallery-item'><dt class='gallery-icon'><a href=\"https:\/\/canj.me\/wp-content\/uploads\/2016\/05\/plazak.jpg\" rel=\"prettyPhoto[gallery-4]\" title=\"Kralji\u010dina pla\u017ea\"><img src=\"https:\/\/canj.me\/wp-content\/uploads\/2016\/05\/plazak-450x300.jpg\" alt=\"\" \/><\/a><\/dt><\/dl><dl class='gallery-item'><dt class='gallery-icon'><a href=\"https:\/\/canj.me\/wp-content\/uploads\/2016\/05\/plazak2.jpg\" rel=\"prettyPhoto[gallery-4]\" title=\"Kralji\u010dina pla\u017ea\"><img src=\"https:\/\/canj.me\/wp-content\/uploads\/2016\/05\/plazak2-450x300.jpg\" alt=\"\" \/><\/a><\/dt><\/dl><dl class='gallery-item'><dt class='gallery-icon'><a href=\"https:\/\/canj.me\/wp-content\/uploads\/2016\/05\/plaza2.jpg\" rel=\"prettyPhoto[gallery-4]\" title=\"plaza2\"><img src=\"https:\/\/canj.me\/wp-content\/uploads\/2016\/05\/plaza2-450x300.jpg\" alt=\"\" \/><\/a><\/dt><\/dl><dl class='gallery-item'><dt class='gallery-icon'><a href=\"https:\/\/canj.me\/wp-content\/uploads\/2016\/05\/hotel2.jpg\" rel=\"prettyPhoto[gallery-4]\" title=\"hotel2\"><img src=\"https:\/\/canj.me\/wp-content\/uploads\/2016\/05\/hotel2-450x300.jpg\" alt=\"\" \/><\/a><\/dt><\/dl><dl class='gallery-item'><dt class='gallery-icon'><a href=\"https:\/\/canj.me\/wp-content\/uploads\/2016\/05\/canjbb.jpg\" rel=\"prettyPhoto[gallery-4]\" title=\"canjbb\"><img src=\"https:\/\/canj.me\/wp-content\/uploads\/2016\/05\/canjbb-450x300.jpg\" alt=\"\" \/><\/a><\/dt><\/dl>\n\t\t\t<br style='clear: both;' \/>\n\t\t<\/div>","protected":false},"excerpt":{"rendered":"<p>\u010canj kis telep\u00fcl\u00e9s, de ide\u00e1lis turistahely a pihenni v\u00e1gy\u00f3knak. Sutomore \u00e9s Petrovac k\u00f6z\u00f6tt helyezkedik el a b\u00e1ri rivi\u00e9r\u00e1n. Igazi kikapcsol\u00f3d\u00e1st ny\u00fajt 1200 m\u00e9ter hossz\u00fa kavicsos-homokos strandj\u00e1val, \u00e9s a k\u00f6zelben tal\u00e1lhat\u00f3 &#8222;Kir\u00e1lyn\u0151 strandj\u00e1val&#8221;, mely csak kis haj\u00f3val k\u00f6zelithet \u0151 meg.<\/p>\n","protected":false},"author":1,"featured_media":0,"parent":0,"menu_order":0,"comment_status":"open","ping_status":"closed","template":"","meta":[],"_links":{"self":[{"href":"https:\/\/canj.me\/hu\/wp-json\/wp\/v2\/pages\/65"}],"collection":[{"href":"https:\/\/canj.me\/hu\/wp-json\/wp\/v2\/pages"}],"about":[{"href":"https:\/\/canj.me\/hu\/wp-json\/wp\/v2\/types\/page"}],"author":[{"embeddable":true,"href":"https:\/\/canj.me\/hu\/wp-json\/wp\/v2\/users\/1"}],"replies":[{"embeddable":true,"href":"https:\/\/canj.me\/hu\/wp-json\/wp\/v2\/comments?post=65"}],"version-history":[{"count":0,"href":"https:\/\/canj.me\/hu\/wp-json\/wp\/v2\/pages\/65\/revisions"}],"wp:attachment":[{"href":"https:\/\/canj.me\/hu\/wp-json\/wp\/v2\/media?parent=65"}],"curies":[{"name":"wp","href":"https:\/\/api.w.org\/{rel}","templated":true}]}}