{"id":67,"date":"2016-05-17T09:39:11","date_gmt":"2016-05-17T07:39:11","guid":{"rendered":"http:\/\/canj.me\/?page_id=67"},"modified":"2023-07-18T23:50:19","modified_gmt":"2023-07-18T21:50:19","slug":"apartmani","status":"publish","type":"page","link":"https:\/\/canj.me\/hu\/apartmani\/","title":{"rendered":"Apartmanok"},"content":{"rendered":"Nyaral\u00f3nk mind\u00f6ssze 150 m\u00e9terre van a tengerpartt\u00f3l. Kapacit\u00e1sa \u00f6sszesen 8 st\u00fadi\u00f3 apartman, 4 a f\u00f6ldszinten, 4 pedig az emeleten helyezkedik el. Minden apartman l\u00e9gkondicion\u00e1l\u00f3val, f\u00fcrd\u0151szob\u00e1val, SAT-TV-vel, Internet WiFi, mini-konyh\u00e1val, terasszal, parkol\u00f3 lehet\u0151s\u00e9ggel rendelkezik.<\/p>\n<p>Vegyesbolt, p\u00e9ks\u00e9g, cukr\u00e1szda, \u00e9tterem a k\u00f6zelben a s\u00e9t\u00e1nyon.<\/p>\n<p>A h\u00e1zt\u00f3l:<br \/>\n&#8211; strand 150 m.<br \/>\n&#8211; vegyesbolt 50 m.<br \/>\n&#8211; k\u00f6zpont 400 m.<br \/>\n&#8211; buszmeg\u00e1ll\u00f3 400 m.<br \/>\n&#8211; aut\u00f3busz\u00e1llom\u00e1s 5 km.<br \/>\n&#8211; vas\u00fat\u00e1llom\u00e1s 5 km.<br \/>\n&#8211; rept\u00e9r Podgorica 45 km.<\/p>\n<p>A sz\u00e1ll\u00e1s \u00e9rkez\u00e9s napj\u00e1n legk\u00e9s\u00f5bb 11-ig \u00e1tvehet\u00f5.<br \/>\nA sz\u00e1ll\u00e1st elutaz\u00e1s napj\u00e1n 8:30-ig kell elhagyni.<br \/>\nA sz\u00e1ll\u00e1s az \u00e9rkez\u00e9s napj\u00e1n fizetend\u0151, a szoba elfoglal\u00e1sa ut\u00e1n (megbesz\u00e9l\u00e9s szerint).<br \/>\nAz \u00e1r nem tartalmazza a tart\u00f3zkod\u00e1si illet\u00e9ket, (feln\u0151tteknek 1\u20ac, 12-18 \u00e9ves korig 0,50\u20ac napj\u00e1ra, 12 \u00e9v alatt nincs tart\u00f3zkod\u00e1si illet\u00e9k).<\/p>\n<p>R\u00e9szletes t\u00e1j\u00e9koztat\u00e1s, foglal\u00e1s telefonsz\u00e1mainkon kaphat\u00f3 magyar, szerb \u00e9s n\u00e9met nyelven.<\/p>\n<p>K\u00f6sz\u00f6nj\u00fck \u00e9rdekl\u0151d\u00e9s\u00fcket.<\/p>\n\n\t\t<div id='gallery-4' class='gallery galleryid-67 gallery-columns-3 gallery-size-thumbnail'><dl class='gallery-item'><dt class='gallery-icon'><a href=\"https:\/\/canj.me\/wp-content\/uploads\/2016\/05\/nova.kuca_.jpg\" rel=\"prettyPhoto[gallery-4]\" title=\"Apartman\"><img src=\"https:\/\/canj.me\/wp-content\/uploads\/2016\/05\/nova.kuca_-450x300.jpg\" alt=\"\" \/><\/a><\/dt><\/dl><dl class='gallery-item'><dt class='gallery-icon'><a href=\"https:\/\/canj.me\/wp-content\/uploads\/2016\/05\/objekat2.jpg\" rel=\"prettyPhoto[gallery-4]\" title=\"objekat2\"><img src=\"https:\/\/canj.me\/wp-content\/uploads\/2016\/05\/objekat2-450x300.jpg\" alt=\"\" \/><\/a><\/dt><\/dl><dl class='gallery-item'><dt class='gallery-icon'><a href=\"https:\/\/canj.me\/wp-content\/uploads\/2016\/05\/objekat3.jpg\" rel=\"prettyPhoto[gallery-4]\" title=\"objekat3\"><img src=\"https:\/\/canj.me\/wp-content\/uploads\/2016\/05\/objekat3-450x300.jpg\" alt=\"\" \/><\/a><\/dt><\/dl><dl class='gallery-item'><dt class='gallery-icon'><a href=\"https:\/\/canj.me\/wp-content\/uploads\/2016\/05\/soba7.jpg\" rel=\"prettyPhoto[gallery-4]\" title=\"soba7\"><img src=\"https:\/\/canj.me\/wp-content\/uploads\/2016\/05\/soba7-450x300.jpg\" alt=\"\" \/><\/a><\/dt><\/dl><dl class='gallery-item'><dt class='gallery-icon'><a href=\"https:\/\/canj.me\/wp-content\/uploads\/2016\/05\/soba6.jpg\" rel=\"prettyPhoto[gallery-4]\" title=\"soba6\"><img src=\"https:\/\/canj.me\/wp-content\/uploads\/2016\/05\/soba6-450x300.jpg\" alt=\"\" \/><\/a><\/dt><\/dl><dl class='gallery-item'><dt class='gallery-icon'><a href=\"https:\/\/canj.me\/wp-content\/uploads\/2016\/05\/soba2.jpg\" rel=\"prettyPhoto[gallery-4]\" title=\"soba2\"><img src=\"https:\/\/canj.me\/wp-content\/uploads\/2016\/05\/soba2-450x300.jpg\" alt=\"\" \/><\/a><\/dt><\/dl><dl class='gallery-item'><dt class='gallery-icon'><a href=\"https:\/\/canj.me\/wp-content\/uploads\/2016\/05\/soba3.jpg\" rel=\"prettyPhoto[gallery-4]\" title=\"soba3\"><img src=\"https:\/\/canj.me\/wp-content\/uploads\/2016\/05\/soba3-450x300.jpg\" alt=\"\" \/><\/a><\/dt><\/dl><dl class='gallery-item'><dt class='gallery-icon'><a href=\"https:\/\/canj.me\/wp-content\/uploads\/2016\/05\/soba5.jpg\" rel=\"prettyPhoto[gallery-4]\" title=\"soba5\"><img src=\"https:\/\/canj.me\/wp-content\/uploads\/2016\/05\/soba5-450x300.jpg\" alt=\"\" \/><\/a><\/dt><\/dl><dl class='gallery-item'><dt class='gallery-icon'><a href=\"https:\/\/canj.me\/wp-content\/uploads\/2016\/05\/soba1.jpg\" rel=\"prettyPhoto[gallery-4]\" title=\"soba1\"><img src=\"https:\/\/canj.me\/wp-content\/uploads\/2016\/05\/soba1-450x300.jpg\" alt=\"\" \/><\/a><\/dt><\/dl><dl class='gallery-item'><dt class='gallery-icon'><a href=\"https:\/\/canj.me\/wp-content\/uploads\/2016\/05\/terasa1.jpg\" rel=\"prettyPhoto[gallery-4]\" title=\"terasa1\"><img src=\"https:\/\/canj.me\/wp-content\/uploads\/2016\/05\/terasa1-450x300.jpg\" alt=\"\" \/><\/a><\/dt><\/dl><dl class='gallery-item'><dt class='gallery-icon'><a href=\"https:\/\/canj.me\/wp-content\/uploads\/2016\/05\/terasa2.jpg\" rel=\"prettyPhoto[gallery-4]\" title=\"terasa2\"><img src=\"https:\/\/canj.me\/wp-content\/uploads\/2016\/05\/terasa2-450x300.jpg\" alt=\"\" \/><\/a><\/dt><\/dl><dl class='gallery-item'><dt class='gallery-icon'><a href=\"https:\/\/canj.me\/wp-content\/uploads\/2016\/05\/parking004.jpg\" rel=\"prettyPhoto[gallery-4]\" title=\"parking004\"><img src=\"https:\/\/canj.me\/wp-content\/uploads\/2016\/05\/parking004-450x300.jpg\" alt=\"\" \/><\/a><\/dt><\/dl>\n\t\t\t<br style='clear: both;' \/>\n\t\t<\/div>","protected":false},"excerpt":{"rendered":"<p>Nyaral\u00f3nk mind\u00f6ssze 150 m\u00e9terre van a tengerpartt\u00f3l. Kapacit\u00e1sa \u00f6sszesen 8 st\u00fadi\u00f3 apartman, 4 a f\u00f6ldszinten, 4 pedig az emeleten helyezkedik el. Minden apartman l\u00e9gkondicion\u00e1l\u00f3val, f\u00fcrd\u0151szob\u00e1val, SAT-TV-vel, Internet WiFi, mini-konyh\u00e1val, terasszal, parkol\u00f3 lehet\u0151s\u00e9ggel rendelkezik. Vegyesbolt, p\u00e9ks\u00e9g, cukr\u00e1szda, \u00e9tterem a k\u00f6zelben a s\u00e9t\u00e1nyon. A h\u00e1zt\u00f3l: &#8211; strand 150 m. &#8211; vegyesbolt 50 m. &#8211; k\u00f6zpont 400 m.<\/p>\n","protected":false},"author":1,"featured_media":0,"parent":0,"menu_order":0,"comment_status":"open","ping_status":"closed","template":"","meta":[],"_links":{"self":[{"href":"https:\/\/canj.me\/hu\/wp-json\/wp\/v2\/pages\/67"}],"collection":[{"href":"https:\/\/canj.me\/hu\/wp-json\/wp\/v2\/pages"}],"about":[{"href":"https:\/\/canj.me\/hu\/wp-json\/wp\/v2\/types\/page"}],"author":[{"embeddable":true,"href":"https:\/\/canj.me\/hu\/wp-json\/wp\/v2\/users\/1"}],"replies":[{"embeddable":true,"href":"https:\/\/canj.me\/hu\/wp-json\/wp\/v2\/comments?post=67"}],"version-history":[{"count":6,"href":"https:\/\/canj.me\/hu\/wp-json\/wp\/v2\/pages\/67\/revisions"}],"predecessor-version":[{"id":273,"href":"https:\/\/canj.me\/hu\/wp-json\/wp\/v2\/pages\/67\/revisions\/273"}],"wp:attachment":[{"href":"https:\/\/canj.me\/hu\/wp-json\/wp\/v2\/media?parent=67"}],"curies":[{"name":"wp","href":"https:\/\/api.w.org\/{rel}","templated":true}]}}