{"id":71,"date":"2016-05-17T09:47:33","date_gmt":"2016-05-17T07:47:33","guid":{"rendered":"http:\/\/canj.me\/?page_id=71"},"modified":"2016-05-18T12:34:29","modified_gmt":"2016-05-18T10:34:29","slug":"galerija","status":"publish","type":"page","link":"https:\/\/canj.me\/hu\/galerija\/","title":{"rendered":"Gal\u00e9ria"},"content":{"rendered":"<div id='gallery-4' class='gallery galleryid-71 gallery-columns-3 gallery-size-thumbnail'><dl class='gallery-item'><dt class='gallery-icon'><a href=\"https:\/\/canj.me\/wp-content\/uploads\/2016\/05\/canjair.jpg\" rel=\"prettyPhoto[gallery-4]\" title=\"\u010canj\"><img src=\"https:\/\/canj.me\/wp-content\/uploads\/2016\/05\/canjair-450x300.jpg\" alt=\"\" \/><\/a><\/dt><\/dl><dl class='gallery-item'><dt class='gallery-icon'><a href=\"https:\/\/canj.me\/wp-content\/uploads\/2016\/05\/canjme.jpg\" rel=\"prettyPhoto[gallery-4]\" title=\"canjme\"><img src=\"https:\/\/canj.me\/wp-content\/uploads\/2016\/05\/canjme-450x300.jpg\" alt=\"\" \/><\/a><\/dt><\/dl><dl class='gallery-item'><dt class='gallery-icon'><a href=\"https:\/\/canj.me\/wp-content\/uploads\/2016\/05\/hotel2.jpg\" rel=\"prettyPhoto[gallery-4]\" title=\"hotel2\"><img src=\"https:\/\/canj.me\/wp-content\/uploads\/2016\/05\/hotel2-450x300.jpg\" alt=\"\" \/><\/a><\/dt><\/dl><dl class='gallery-item'><dt class='gallery-icon'><a href=\"https:\/\/canj.me\/wp-content\/uploads\/2016\/05\/hotel.jpg\" rel=\"prettyPhoto[gallery-4]\" title=\"hotel\"><img src=\"https:\/\/canj.me\/wp-content\/uploads\/2016\/05\/hotel-450x250.jpg\" alt=\"\" \/><\/a><\/dt><\/dl><dl class='gallery-item'><dt class='gallery-icon'><a href=\"https:\/\/canj.me\/wp-content\/uploads\/2016\/05\/plazak2.jpg\" rel=\"prettyPhoto[gallery-4]\" title=\"Kralji\u010dina pla\u017ea\"><img src=\"https:\/\/canj.me\/wp-content\/uploads\/2016\/05\/plazak2-450x300.jpg\" alt=\"\" \/><\/a><\/dt><\/dl><dl class='gallery-item'><dt class='gallery-icon'><a href=\"https:\/\/canj.me\/wp-content\/uploads\/2016\/05\/plaza2.jpg\" rel=\"prettyPhoto[gallery-4]\" title=\"plaza2\"><img src=\"https:\/\/canj.me\/wp-content\/uploads\/2016\/05\/plaza2-450x300.jpg\" alt=\"\" \/><\/a><\/dt><\/dl><dl class='gallery-item'><dt class='gallery-icon'><a href=\"https:\/\/canj.me\/wp-content\/uploads\/2016\/05\/plaza3.jpg\" rel=\"prettyPhoto[gallery-4]\" title=\"Kralji\u010dina pla\u017ea\"><img src=\"https:\/\/canj.me\/wp-content\/uploads\/2016\/05\/plaza3-450x300.jpg\" alt=\"\" \/><\/a><\/dt><\/dl><dl class='gallery-item'><dt class='gallery-icon'><a href=\"https:\/\/canj.me\/wp-content\/uploads\/2016\/05\/canjbb.jpg\" rel=\"prettyPhoto[gallery-4]\" title=\"canjbb\"><img src=\"https:\/\/canj.me\/wp-content\/uploads\/2016\/05\/canjbb-450x300.jpg\" alt=\"\" \/><\/a><\/dt><\/dl><dl class='gallery-item'><dt class='gallery-icon'><a href=\"https:\/\/canj.me\/wp-content\/uploads\/2016\/05\/nova.kuca_.jpg\" rel=\"prettyPhoto[gallery-4]\" title=\"Apartman\"><img src=\"https:\/\/canj.me\/wp-content\/uploads\/2016\/05\/nova.kuca_-450x300.jpg\" alt=\"\" \/><\/a><\/dt><\/dl><dl class='gallery-item'><dt class='gallery-icon'><a href=\"https:\/\/canj.me\/wp-content\/uploads\/2016\/05\/objekat2.jpg\" rel=\"prettyPhoto[gallery-4]\" title=\"objekat2\"><img src=\"https:\/\/canj.me\/wp-content\/uploads\/2016\/05\/objekat2-450x300.jpg\" alt=\"\" \/><\/a><\/dt><\/dl><dl class='gallery-item'><dt class='gallery-icon'><a href=\"https:\/\/canj.me\/wp-content\/uploads\/2016\/05\/objekat3.jpg\" rel=\"prettyPhoto[gallery-4]\" title=\"objekat3\"><img src=\"https:\/\/canj.me\/wp-content\/uploads\/2016\/05\/objekat3-450x300.jpg\" alt=\"\" \/><\/a><\/dt><\/dl><dl class='gallery-item'><dt class='gallery-icon'><a href=\"https:\/\/canj.me\/wp-content\/uploads\/2016\/05\/terasa1.jpg\" rel=\"prettyPhoto[gallery-4]\" title=\"terasa1\"><img src=\"https:\/\/canj.me\/wp-content\/uploads\/2016\/05\/terasa1-450x300.jpg\" alt=\"\" \/><\/a><\/dt><\/dl><dl class='gallery-item'><dt class='gallery-icon'><a href=\"https:\/\/canj.me\/wp-content\/uploads\/2016\/05\/terasa2.jpg\" rel=\"prettyPhoto[gallery-4]\" title=\"terasa2\"><img src=\"https:\/\/canj.me\/wp-content\/uploads\/2016\/05\/terasa2-450x300.jpg\" alt=\"\" \/><\/a><\/dt><\/dl><dl class='gallery-item'><dt class='gallery-icon'><a href=\"https:\/\/canj.me\/wp-content\/uploads\/2016\/05\/soba7.jpg\" rel=\"prettyPhoto[gallery-4]\" title=\"soba7\"><img src=\"https:\/\/canj.me\/wp-content\/uploads\/2016\/05\/soba7-450x300.jpg\" alt=\"\" \/><\/a><\/dt><\/dl><dl class='gallery-item'><dt class='gallery-icon'><a href=\"https:\/\/canj.me\/wp-content\/uploads\/2016\/05\/soba6.jpg\" rel=\"prettyPhoto[gallery-4]\" title=\"soba6\"><img src=\"https:\/\/canj.me\/wp-content\/uploads\/2016\/05\/soba6-450x300.jpg\" alt=\"\" \/><\/a><\/dt><\/dl><dl class='gallery-item'><dt class='gallery-icon'><a href=\"https:\/\/canj.me\/wp-content\/uploads\/2016\/05\/soba5.jpg\" rel=\"prettyPhoto[gallery-4]\" title=\"soba5\"><img src=\"https:\/\/canj.me\/wp-content\/uploads\/2016\/05\/soba5-450x300.jpg\" alt=\"\" \/><\/a><\/dt><\/dl><dl class='gallery-item'><dt class='gallery-icon'><a href=\"https:\/\/canj.me\/wp-content\/uploads\/2016\/05\/soba3.jpg\" rel=\"prettyPhoto[gallery-4]\" title=\"soba3\"><img src=\"https:\/\/canj.me\/wp-content\/uploads\/2016\/05\/soba3-450x300.jpg\" alt=\"\" \/><\/a><\/dt><\/dl><dl class='gallery-item'><dt class='gallery-icon'><a href=\"https:\/\/canj.me\/wp-content\/uploads\/2016\/05\/soba2.jpg\" rel=\"prettyPhoto[gallery-4]\" title=\"soba2\"><img src=\"https:\/\/canj.me\/wp-content\/uploads\/2016\/05\/soba2-450x300.jpg\" alt=\"\" \/><\/a><\/dt><\/dl><dl class='gallery-item'><dt class='gallery-icon'><a href=\"https:\/\/canj.me\/wp-content\/uploads\/2016\/05\/soba1.jpg\" rel=\"prettyPhoto[gallery-4]\" title=\"soba1\"><img src=\"https:\/\/canj.me\/wp-content\/uploads\/2016\/05\/soba1-450x300.jpg\" alt=\"\" \/><\/a><\/dt><\/dl><dl class='gallery-item'><dt class='gallery-icon'><a href=\"https:\/\/canj.me\/wp-content\/uploads\/2016\/05\/parking004.jpg\" rel=\"prettyPhoto[gallery-4]\" title=\"parking004\"><img src=\"https:\/\/canj.me\/wp-content\/uploads\/2016\/05\/parking004-450x300.jpg\" alt=\"\" \/><\/a><\/dt><\/dl><dl class='gallery-item'><dt class='gallery-icon'><a href=\"https:\/\/canj.me\/wp-content\/uploads\/2016\/05\/karta.jpg\" rel=\"prettyPhoto[gallery-4]\" title=\"karta\"><img src=\"https:\/\/canj.me\/wp-content\/uploads\/2016\/05\/karta-450x292.jpg\" alt=\"\" \/><\/a><\/dt><\/dl>\n\t\t\t<br style='clear: both;' \/>\n\t\t<\/div>","protected":false},"excerpt":{"rendered":"<p>Sajnos ennek a bejegyz\u00e9snek csak Amerikai Angol nyelv\u0171 v\u00e1ltozata van. A megtekint\u0151 k\u00e9nyelm\u00e9\u00e9rt az al\u00e1bbi tartalom alternat\u00edv nyelven jelenik meg. R\u00e1kattinthat a linkre az akt\u00edv nyelv m\u00f3dos\u00edt\u00e1s\u00e1hoz.<\/p>\n","protected":false},"author":1,"featured_media":0,"parent":0,"menu_order":0,"comment_status":"open","ping_status":"closed","template":"","meta":[],"_links":{"self":[{"href":"https:\/\/canj.me\/hu\/wp-json\/wp\/v2\/pages\/71"}],"collection":[{"href":"https:\/\/canj.me\/hu\/wp-json\/wp\/v2\/pages"}],"about":[{"href":"https:\/\/canj.me\/hu\/wp-json\/wp\/v2\/types\/page"}],"author":[{"embeddable":true,"href":"https:\/\/canj.me\/hu\/wp-json\/wp\/v2\/users\/1"}],"replies":[{"embeddable":true,"href":"https:\/\/canj.me\/hu\/wp-json\/wp\/v2\/comments?post=71"}],"version-history":[{"count":0,"href":"https:\/\/canj.me\/hu\/wp-json\/wp\/v2\/pages\/71\/revisions"}],"wp:attachment":[{"href":"https:\/\/canj.me\/hu\/wp-json\/wp\/v2\/media?parent=71"}],"curies":[{"name":"wp","href":"https:\/\/api.w.org\/{rel}","templated":true}]}}