{"id":80,"date":"2016-05-17T11:49:05","date_gmt":"2016-05-17T09:49:05","guid":{"rendered":"http:\/\/canj.me\/?page_id=80"},"modified":"2023-07-19T00:01:22","modified_gmt":"2023-07-18T22:01:22","slug":"kontakt","status":"publish","type":"page","link":"https:\/\/canj.me\/hu\/kontakt\/","title":{"rendered":"El\u00e8rhet\u0151s\u00e8g"},"content":{"rendered":"<iframe loading=\"lazy\" src=\"https:\/\/www.google.com\/maps\/embed?pb=!1m14!1m8!1m3!1d8364.975152207297!2d18.996320870606805!3d42.16172710364716!3m2!1i1024!2i768!4f13.1!3m3!1m2!1s0x0%3A0x13cebc1d36e1c181!2sApartmani+Ki%C5%A1+%C5%A0andor+i+Linda!5e0!3m2!1sen!2srs!4v1552469086723\" style=\"border:0\" allowfullscreen=\"\" width=\"600\" height=\"450\" frameborder=\"0\"><\/iframe><\/p>\n<p>Kis S\u00e1ndor \u00e9s Linda<\/p>\n<p>85357 \u010canj II bb<br \/>\nCrna Gora<\/p>\n<p>Tel.:<br \/>\n+381 63 182 88 62<br \/>\n+382 68 45 44 87<\/p>\n<p>Email:<br \/>\n<a href=\"mailto:office@canj.me\">office@canj.me<\/a><br \/>\n<a href=\"mailto:apartmani.canj.me@gmail.com\">apartmani.canj.me@gmail.com<\/a><\/p>\n<p>Skype:<br \/>\n<a href=\"skype:linda.kis67?call\"><img decoding=\"async\" loading=\"lazy\" width=\"124\" height=\"52\" class=\"size-full wp-image-40 alignleft\" src=\"http:\/\/canj.me\/wp-content\/uploads\/2016\/05\/skype.png\" alt=\"skype\" srcset=\"https:\/\/canj.me\/wp-content\/uploads\/2016\/05\/skype.png 124w, https:\/\/canj.me\/wp-content\/uploads\/2016\/05\/skype-100x42.png 100w\" sizes=\"(max-width: 124px) 100vw, 124px\" \/><\/a><\/p>\n<p>Viber:<br \/>\n<a href=\"viber:\/\/add?number=+381631828862\"><img decoding=\"async\" loading=\"lazy\" width=\"124\" height=\"58\" class=\"size-full wp-image-172 alignleft\" src=\"http:\/\/canj.me\/wp-content\/uploads\/2016\/05\/viber.png\" alt=\"viber\" srcset=\"https:\/\/canj.me\/wp-content\/uploads\/2016\/05\/viber.png 124w, https:\/\/canj.me\/wp-content\/uploads\/2016\/05\/viber-100x47.png 100w\" sizes=\"(max-width: 124px) 100vw, 124px\" \/><\/a><\/p>\n<p>Inform\u00e1ci\u00f3k a sz\u00e1ll\u00e1st \u00e9s szolg\u00e1ltat\u00e1sokat kaphat szerb, magyar \u00e9s n\u00e9met nyelven.<\/p>\n\n<div class=\"wpcf7 no-js\" id=\"wpcf7-f76-o4\" lang=\"en-US\" dir=\"ltr\">\n<div class=\"screen-reader-response\"><p role=\"status\" aria-live=\"polite\" aria-atomic=\"true\"><\/p> <ul><\/ul><\/div>\n<form action=\"\/hu\/wp-json\/wp\/v2\/pages\/80#wpcf7-f76-o4\" method=\"post\" class=\"wpcf7-form init\" aria-label=\"Contact form\" novalidate=\"novalidate\" data-status=\"init\">\n<div style=\"display: none;\">\n<input type=\"hidden\" name=\"_wpcf7\" value=\"76\" \/>\n<input type=\"hidden\" name=\"_wpcf7_version\" value=\"5.7.7\" \/>\n<input type=\"hidden\" name=\"_wpcf7_locale\" value=\"en_US\" \/>\n<input type=\"hidden\" name=\"_wpcf7_unit_tag\" value=\"wpcf7-f76-o4\" \/>\n<input type=\"hidden\" name=\"_wpcf7_container_post\" value=\"0\" \/>\n<input type=\"hidden\" name=\"_wpcf7_posted_data_hash\" value=\"\" \/>\n<\/div>\n<p>Name (required)\n<\/p>\n<p><span class=\"wpcf7-form-control-wrap\" data-name=\"your-name\"><input size=\"40\" class=\"wpcf7-form-control wpcf7-text wpcf7-validates-as-required\" aria-required=\"true\" aria-invalid=\"false\" value=\"\" type=\"text\" name=\"your-name\" \/><\/span>\n<\/p>\n<p>Email (required)\n<\/p>\n<p><span class=\"wpcf7-form-control-wrap\" data-name=\"your-email\"><input size=\"40\" class=\"wpcf7-form-control wpcf7-text wpcf7-email wpcf7-validates-as-required wpcf7-validates-as-email\" aria-required=\"true\" aria-invalid=\"false\" value=\"\" type=\"email\" name=\"your-email\" \/><\/span>\n<\/p>\n<p>Subject\n<\/p>\n<p><span class=\"wpcf7-form-control-wrap\" data-name=\"your-subject\"><input size=\"40\" class=\"wpcf7-form-control wpcf7-text\" aria-invalid=\"false\" value=\"\" type=\"text\" name=\"your-subject\" \/><\/span>\n<\/p>\n<p>Message\n<\/p>\n<p><span class=\"wpcf7-form-control-wrap\" data-name=\"your-message\"><textarea cols=\"40\" rows=\"10\" class=\"wpcf7-form-control wpcf7-textarea\" aria-invalid=\"false\" name=\"your-message\"><\/textarea><\/span>\n<\/p>\n<p><input class=\"wpcf7-form-control has-spinner wpcf7-submit\" type=\"submit\" value=\"Send\" \/>\n<\/p><p style=\"display: none !important;\"><label>&#916;<textarea name=\"_wpcf7_ak_hp_textarea\" cols=\"45\" rows=\"8\" maxlength=\"100\"><\/textarea><\/label><input type=\"hidden\" id=\"ak_js_4\" name=\"_wpcf7_ak_js\" value=\"86\"\/><script>document.getElementById( \"ak_js_4\" ).setAttribute( \"value\", ( new Date() ).getTime() );<\/script><\/p><div class=\"wpcf7-response-output\" aria-hidden=\"true\"><\/div>\n<\/form>\n<\/div>","protected":false},"excerpt":{"rendered":"<p>Kis S\u00e1ndor \u00e9s Linda 85357 \u010canj II bb Crna Gora Tel.: +381 63 182 88 62 +382 68 45 44 87 Email: office@canj.me apartmani.canj.me@gmail.com Skype: Viber: Inform\u00e1ci\u00f3k a sz\u00e1ll\u00e1st \u00e9s szolg\u00e1ltat\u00e1sokat kaphat szerb, magyar \u00e9s n\u00e9met nyelven.<\/p>\n","protected":false},"author":1,"featured_media":0,"parent":0,"menu_order":0,"comment_status":"open","ping_status":"closed","template":"","meta":[],"_links":{"self":[{"href":"https:\/\/canj.me\/hu\/wp-json\/wp\/v2\/pages\/80"}],"collection":[{"href":"https:\/\/canj.me\/hu\/wp-json\/wp\/v2\/pages"}],"about":[{"href":"https:\/\/canj.me\/hu\/wp-json\/wp\/v2\/types\/page"}],"author":[{"embeddable":true,"href":"https:\/\/canj.me\/hu\/wp-json\/wp\/v2\/users\/1"}],"replies":[{"embeddable":true,"href":"https:\/\/canj.me\/hu\/wp-json\/wp\/v2\/comments?post=80"}],"version-history":[{"count":4,"href":"https:\/\/canj.me\/hu\/wp-json\/wp\/v2\/pages\/80\/revisions"}],"predecessor-version":[{"id":275,"href":"https:\/\/canj.me\/hu\/wp-json\/wp\/v2\/pages\/80\/revisions\/275"}],"wp:attachment":[{"href":"https:\/\/canj.me\/hu\/wp-json\/wp\/v2\/media?parent=80"}],"curies":[{"name":"wp","href":"https:\/\/api.w.org\/{rel}","templated":true}]}}